{"id":1894,"date":"2019-07-09T05:18:43","date_gmt":"2019-07-09T05:18:43","guid":{"rendered":"http:\/\/kervanbasi.com\/yeni\/?page_id=1894"},"modified":"2020-07-25T14:08:47","modified_gmt":"2020-07-25T11:08:47","slug":"hakkimizda","status":"publish","type":"page","link":"https:\/\/kervanbasi.com\/en\/hakkimizda\/","title":{"rendered":"Hakk\u0131m\u0131zda"},"content":{"rendered":"\t\t<div data-elementor-type=\"wp-post\" data-elementor-id=\"1894\" class=\"elementor elementor-1894\" data-elementor-post-type=\"page\">\n\t\t\t\t\t\t\t\t\t<section class=\"elementor-section elementor-top-section elementor-element elementor-element-3337 elementor-section-boxed elementor-section-height-default elementor-section-height-default\" data-id=\"3337\" data-element_type=\"section\">\n\t\t\t\t\t\t<div class=\"elementor-container elementor-column-gap-default\">\n\t\t\t\t\t<div class=\"elementor-column elementor-col-100 elementor-top-column elementor-element elementor-element-5836\" data-id=\"5836\" data-element_type=\"column\">\n\t\t\t<div class=\"elementor-widget-wrap elementor-element-populated\">\n\t\t\t\t\t\t\t\t<section class=\"elementor-section elementor-inner-section elementor-element elementor-element-5d1 elementor-section-boxed elementor-section-height-default elementor-section-height-default\" data-id=\"5d1\" data-element_type=\"section\">\n\t\t\t\t\t\t<div class=\"elementor-container elementor-column-gap-default\">\n\t\t\t\t\t<div class=\"elementor-column elementor-col-33 elementor-inner-column elementor-element elementor-element-7c0c\" data-id=\"7c0c\" data-element_type=\"column\">\n\t\t\t<div class=\"elementor-widget-wrap elementor-element-populated\">\n\t\t\t\t\t\t\t\t<div class=\"elementor-element elementor-element-3b5e elementor-widget elementor-widget-image\" data-id=\"3b5e\" data-element_type=\"widget\" data-widget_type=\"image.default\">\n\t\t\t\t<div class=\"elementor-widget-container\">\n\t\t\t\t\t\t\t\t\t\t\t\t\t\t\t<img loading=\"lazy\" decoding=\"async\" width=\"475\" height=\"420\" src=\"https:\/\/kervanbasi.com\/en\/wp-content\/uploads\/2019\/07\/about_img1.png\" class=\"attachment-large size-large wp-image-1282\" alt=\"\" srcset=\"https:\/\/kervanbasi.com\/en\/wp-content\/uploads\/2019\/07\/about_img1.png 475w, https:\/\/kervanbasi.com\/en\/wp-content\/uploads\/2019\/07\/about_img1-300x265.png 300w\" sizes=\"(max-width: 475px) 100vw, 475px\" title=\"about_img1.png\" \/>\t\t\t\t\t\t\t\t\t\t\t\t\t\t\t<\/div>\n\t\t\t\t<\/div>\n\t\t\t\t<div class=\"elementor-element-custom_font_size elementor-element-custom_line_height elementor-element-custom_font_family elementor-element-custom_font_weight elementor-element-custom_color elementor-element elementor-element-1b3f elementor-absolute elementor-hidden-phone elementor-widget elementor-widget-text-editor\" data-id=\"1b3f\" data-element_type=\"widget\" data-settings=\"{&quot;_position&quot;:&quot;absolute&quot;}\" data-widget_type=\"text-editor.default\">\n\t\t\t\t<div class=\"elementor-widget-container\">\n\t\t\t\t\t\t\t<p>Amac\u0131m\u0131z, <span lang=\"tr\">Ba\u015far\u0131yla \u0130\u015f \u00c7\u00f6z\u00fcm\u00fc Sa\u011flamak.<\/span><\/p>\t\t\t\t\t\t<\/div>\n\t\t\t\t<\/div>\n\t\t\t\t<div class=\"elementor-element elementor-element-1af6804 elementor-absolute elementor-hidden-phone elementor-view-default elementor-widget elementor-widget-icon\" data-id=\"1af6804\" data-element_type=\"widget\" data-settings=\"{&quot;_position&quot;:&quot;absolute&quot;}\" data-widget_type=\"icon.default\">\n\t\t\t\t<div class=\"elementor-widget-container\">\n\t\t\t\t\t<div class=\"elementor-icon-wrapper\">\n\t\t\t<div class=\"elementor-icon\">\n\t\t\t<i aria-hidden=\"true\" class=\"fas fa-quote-left\"><\/i>\t\t\t<\/div>\n\t\t<\/div>\n\t\t\t\t<\/div>\n\t\t\t\t<\/div>\n\t\t\t\t\t<\/div>\n\t\t<\/div>\n\t\t\t\t<div class=\"elementor-column elementor-col-33 elementor-inner-column elementor-element elementor-element-2955\" data-id=\"2955\" data-element_type=\"column\">\n\t\t\t<div class=\"elementor-widget-wrap\">\n\t\t\t\t\t\t\t\t\t<\/div>\n\t\t<\/div>\n\t\t\t\t<div class=\"elementor-column elementor-col-33 elementor-inner-column elementor-element elementor-element-4cf8\" data-id=\"4cf8\" data-element_type=\"column\">\n\t\t\t<div class=\"elementor-widget-wrap elementor-element-populated\">\n\t\t\t\t\t\t\t\t<div class=\"elementor-element elementor-element-16353ed elementor-widget elementor-widget-text-editor\" data-id=\"16353ed\" data-element_type=\"widget\" data-widget_type=\"text-editor.default\">\n\t\t\t\t<div class=\"elementor-widget-container\">\n\t\t\t\t\t\t\t<p style=\"text-align: justify;\"><strong>KERVANBA\u015eI GIDA TUR\u0130ZM SEYAHAT E\u011e\u0130T\u0130M VE DI\u015e T\u0130CARET L\u0130M\u0130TED \u015e\u0130RKET\u0130<\/strong><\/p><p style=\"text-align: justify;\">2018 de Ankara&#8217;da faaliyetlerine ba\u015flam\u0131\u015ft\u0131r.<\/p><p style=\"text-align: justify;\">D\u00fcnya standartlar\u0131nda hizmet veren bu \u015firket Yurt \u0130\u00e7i ve Yurt Di\u015fi olan \u015firketlere \u0130tihalat ve \u0130hracatla Teknoloji, G\u0131da, Sa\u011fl\u0131k, E\u011fitim veTurizim sekt\u00f6rlerinde hizmet vermektedir. \u00d6zellikle bu son aylarda ya\u015fad\u0131\u011f\u0131m\u0131z pandemi nedeniye Korana ( COV\u0130D 19 ) virusuna kar\u015f\u0131n al\u0131nmas\u0131 gereken \u00f6nlemler ve sa\u011fl\u0131k malzemeleri, sa\u011fl\u0131k alet ve makinelerinin son teknolojileri kullanarak bu sekt\u00f6rde bir numara olan kurulu\u015flarla \u00fcretti\u011fi son model Malzeme, Alet ve Makinelerle kendine rakip tan\u0131mayan bu \u015firket yurt di\u015fina sa\u011fl\u0131k konusunda gereken t\u00fcm Malzeme ve Makineleri tek ba\u015f\u0131na \u00fcretip teslim edebiliyor.<br \/><br \/>2 y\u0131ldan a\u015fk\u0131n olan bu \u015firketin \u00f6zellikle Yurt Di\u015fi olmak \u00fczere bir \u00e7ok \u015firketle hala ortak projeleri y\u00fcr\u00fctmektedir.<br \/><br \/>Uzman ekibiyle beraber s\u0131n\u0131r tan\u0131mayan bu \u015firket EN \u0130Y\u0130YE DAHA \u0130LER\u0130YE sologan\u0131yla ortaklar\u0131ndan ald\u0131\u011f\u0131 g\u00fczel geri-d\u00f6n\u00fc\u015f ve kar\u015f\u0131l\u0131kl\u0131 kazan\u0131mlarla beraber daha da uluslararas\u0131 bir \u015firekt olama yolunda ilerliyor.<br \/><br \/>Sizleri de aram\u0131zda g\u00f6rmek ve berber g\u00fczel projelerde bulu\u015fmak dile\u011fiyle.<\/p>\t\t\t\t\t\t<\/div>\n\t\t\t\t<\/div>\n\t\t\t\t<div class=\"elementor-element elementor-element-2c5b elementor-widget elementor-widget-elementskit-simple-tab\" data-id=\"2c5b\" data-element_type=\"widget\" data-widget_type=\"elementskit-simple-tab.default\">\n\t\t\t\t<div class=\"elementor-widget-container\">\n\t\t\t<div class=\"ekit-wid-con\" >        <div class=\"elementkit-tab-wraper   elementskit-fitcontent-tab \">\n            <ul class=\"nav nav-tabs elementkit-tab-nav  tab-nav-fluid\">\n                                    <li class=\"elementkit-nav-item elementor-repeater-item-288e8e5\">\n                        <a class=\"elementkit-nav-link  active show left-pos\" id=\"content-288e8e569de35e8e96d4-tab\" data-ekit-handler-id=\"vizyon\" data-ekit-toggle=\"tab\" data-target=\"#content-288e8e569de35e8e96d4\" href=\"#Content-288e8e569de35e8e96d4\"\n                            data-ekit-toggle-trigger=\"click\"\n                            aria-describedby=\"Content-288e8e569de35e8e96d4\">\n                                                        <span class=\"elementskit-tab-title\"> Vizyon<\/span>\n                        <\/a>\n                    <\/li>\n                                        <li class=\"elementkit-nav-item elementor-repeater-item-f122269\">\n                        <a class=\"elementkit-nav-link  left-pos\" id=\"content-f12226969de35e8e96d4-tab\" data-ekit-handler-id=\"misyon\" data-ekit-toggle=\"tab\" data-target=\"#content-f12226969de35e8e96d4\" href=\"#Content-f12226969de35e8e96d4\"\n                            data-ekit-toggle-trigger=\"click\"\n                            aria-describedby=\"Content-f12226969de35e8e96d4\">\n                                                        <span class=\"elementskit-tab-title\"> Misyon<\/span>\n                        <\/a>\n                    <\/li>\n                                        <li class=\"elementkit-nav-item elementor-repeater-item-3bf8f9c\">\n                        <a class=\"elementkit-nav-link  left-pos\" id=\"content-3bf8f9c69de35e8e96d4-tab\" data-ekit-handler-id=\"de-erlerimiz\" data-ekit-toggle=\"tab\" data-target=\"#content-3bf8f9c69de35e8e96d4\" href=\"#Content-3bf8f9c69de35e8e96d4\"\n                            data-ekit-toggle-trigger=\"click\"\n                            aria-describedby=\"Content-3bf8f9c69de35e8e96d4\">\n                                                        <span class=\"elementskit-tab-title\"> De\u011ferlerimiz<\/span>\n                        <\/a>\n                    <\/li>\n                                <\/ul>\n\n            <div class=\"tab-content elementkit-tab-content\">\n                                    <div class=\"tab-pane elementkit-tab-pane elementor-repeater-item-288e8e5  active show\" id=\"content-288e8e569de35e8e96d4\" role=\"tabpanel\"\n                         aria-labelledby=\"content-288e8e569de35e8e96d4-tab\">\n                        <div class=\"animated fadeIn\">\n                            <p>Vizyon yaz\u0131s\u0131 alan\u0131<\/p>                        <\/div>\n                    <\/div>\n                                    <div class=\"tab-pane elementkit-tab-pane elementor-repeater-item-f122269 \" id=\"content-f12226969de35e8e96d4\" role=\"tabpanel\"\n                         aria-labelledby=\"content-f12226969de35e8e96d4-tab\">\n                        <div class=\"animated fadeIn\">\n                            <p>Misyon yaz\u0131s\u0131 alan\u0131<\/p>                        <\/div>\n                    <\/div>\n                                    <div class=\"tab-pane elementkit-tab-pane elementor-repeater-item-3bf8f9c \" id=\"content-3bf8f9c69de35e8e96d4\" role=\"tabpanel\"\n                         aria-labelledby=\"content-3bf8f9c69de35e8e96d4-tab\">\n                        <div class=\"animated fadeIn\">\n                            <p>De\u011ferler alan\u0131 yaz\u0131s\u0131<\/p>                        <\/div>\n                    <\/div>\n                            <\/div>\n        <\/div>\n    <\/div>\t\t<\/div>\n\t\t\t\t<\/div>\n\t\t\t\t\t<\/div>\n\t\t<\/div>\n\t\t\t\t\t\t\t<\/div>\n\t\t<\/section>\n\t\t\t\t\t<\/div>\n\t\t<\/div>\n\t\t\t\t\t\t\t<\/div>\n\t\t<\/section>\n\t\t\t\t<section class=\"elementor-section elementor-top-section elementor-element elementor-element-c1bb3ac elementor-section-height-min-height elementor-section-items-top elementor-section-boxed elementor-section-height-default\" data-id=\"c1bb3ac\" data-element_type=\"section\" data-settings=\"{&quot;background_background&quot;:&quot;classic&quot;}\">\n\t\t\t\t\t\t\t<div class=\"elementor-background-overlay\"><\/div>\n\t\t\t\t\t\t\t<div class=\"elementor-container elementor-column-gap-default\">\n\t\t\t\t\t<div class=\"elementor-column elementor-col-100 elementor-top-column elementor-element elementor-element-734fc98\" data-id=\"734fc98\" data-element_type=\"column\">\n\t\t\t<div class=\"elementor-widget-wrap elementor-element-populated\">\n\t\t\t\t\t\t\t\t<div class=\"elementor-element elementor-element-4fc13bf elementor-widget elementor-widget-elementskit-heading\" data-id=\"4fc13bf\" data-element_type=\"widget\" data-widget_type=\"elementskit-heading.default\">\n\t\t\t\t<div class=\"elementor-widget-container\">\n\t\t\t<div class=\"ekit-wid-con\" ><div class=\"ekit-heading elementskit-section-title-wraper text_center   ekit_heading_tablet-   ekit_heading_mobile-\"><h3 class=\"elementskit-section-subtitle  \">\n\t\t\t\t\t\tEn iyisiyiz\n\t\t\t\t\t<\/h3><h2 class=\"ekit-heading--title elementskit-section-title \">Kervanba\u015f\u0131 Ltd. \u015eti. 2018 y\u0131l\u0131nda kuruldu ve 2 y\u0131l i\u00e7inde bir\u00e7ok alanda hizmet vermektedir.<\/h2><\/div><\/div>\t\t<\/div>\n\t\t\t\t<\/div>\n\t\t\t\t\t<\/div>\n\t\t<\/div>\n\t\t\t\t\t\t\t<\/div>\n\t\t<\/section>\n\t\t\t\t<section class=\"elementor-section elementor-top-section elementor-element elementor-element-4ebc55b elementor-section-boxed elementor-section-height-default elementor-section-height-default\" data-id=\"4ebc55b\" data-element_type=\"section\">\n\t\t\t\t\t\t<div class=\"elementor-container elementor-column-gap-default\">\n\t\t\t\t\t<div class=\"elementor-column elementor-col-100 elementor-top-column elementor-element elementor-element-0a9fd92\" data-id=\"0a9fd92\" data-element_type=\"column\">\n\t\t\t<div class=\"elementor-widget-wrap elementor-element-populated\">\n\t\t\t\t\t\t\t\t<section class=\"elementor-section elementor-inner-section elementor-element elementor-element-e486e87 elementor-section-boxed elementor-section-height-default elementor-section-height-default\" data-id=\"e486e87\" data-element_type=\"section\">\n\t\t\t\t\t\t<div class=\"elementor-container elementor-column-gap-default\">\n\t\t\t\t\t<div class=\"elementor-column elementor-col-50 elementor-inner-column elementor-element elementor-element-2c5eecb\" data-id=\"2c5eecb\" data-element_type=\"column\" data-settings=\"{&quot;background_background&quot;:&quot;classic&quot;}\">\n\t\t\t<div class=\"elementor-widget-wrap elementor-element-populated\">\n\t\t\t\t\t\t\t\t<div class=\"elementor-element elementor-element-cb8c700 elementor-widget elementor-widget-elementskit-heading\" data-id=\"cb8c700\" data-element_type=\"widget\" data-widget_type=\"elementskit-heading.default\">\n\t\t\t\t<div class=\"elementor-widget-container\">\n\t\t\t<div class=\"ekit-wid-con\" ><div class=\"ekit-heading elementskit-section-title-wraper text_left   ekit_heading_tablet-   ekit_heading_mobile-\"><h2 class=\"ekit-heading--title elementskit-section-title \">Takipte kal\u0131n\u0131z<\/h2>\t\t\t\t<div class='ekit-heading__description'>\n\t\t\t\t\t<p>\u0130\u00e7 ve d\u0131\u015f ticaretten, ithalat, ihracata uluslararas\u0131 ticaret.<\/p>\n\t\t\t\t<\/div>\n\t\t\t<\/div><\/div>\t\t<\/div>\n\t\t\t\t<\/div>\n\t\t\t\t<div class=\"elementor-element elementor-element-f99a103 about-dance-top ekit-equal-height-disable elementor-widget elementor-widget-elementskit-icon-box\" data-id=\"f99a103\" data-element_type=\"widget\" data-widget_type=\"elementskit-icon-box.default\">\n\t\t\t\t<div class=\"elementor-widget-container\">\n\t\t\t<div class=\"ekit-wid-con\" >        <!-- link opening -->\n                <a href=\"#\" target=\"_self\" rel=\"\" class=\"ekit_global_links\">\n                <!-- end link opening -->\n\n        <div class=\"elementskit-infobox text-left text-left icon-lef-right-aligin elementor-animation- media  \">\n                            <div class=\"elementskit-box-header\">\n                <div class=\"elementskit-info-box-icon text-center\">\n                    <img loading=\"lazy\" decoding=\"async\" width=\"64\" height=\"60\" src=\"https:\/\/kervanbasi.com\/en\/wp-content\/uploads\/2019\/06\/icon-3.png\" class=\"attachment- size-\" alt=\"\" title=\"icon-3\" \/>                <\/div>\n          <\/div>\n                <div class=\"box-body\">\n                            <h3 class=\"elementskit-info-box-title\">\n                    Hijyenik End\u00fcstri                <\/h3>\n                        \t\t  <p>DNY-S\u0130S Elektrikli ULV cihazlar\u0131ndan, \u0130la\u00e7lama \u00dcnitelerine ve daha bir\u00e7ok sistem.\n\n                                        <\/p>\n                                <\/div>\n        \n        \n                <\/div>\n                <\/a>\n        <\/div>\t\t<\/div>\n\t\t\t\t<\/div>\n\t\t\t\t<div class=\"elementor-element elementor-element-a109172 about-dance-top ekit-equal-height-disable elementor-widget elementor-widget-elementskit-icon-box\" data-id=\"a109172\" data-element_type=\"widget\" data-widget_type=\"elementskit-icon-box.default\">\n\t\t\t\t<div class=\"elementor-widget-container\">\n\t\t\t<div class=\"ekit-wid-con\" >        <!-- link opening -->\n                <a href=\"#\" target=\"_self\" rel=\"\" class=\"ekit_global_links\">\n                <!-- end link opening -->\n\n        <div class=\"elementskit-infobox text-left text-left icon-lef-right-aligin elementor-animation- media  \">\n                            <div class=\"elementskit-box-header\">\n                <div class=\"elementskit-info-box-icon text-center\">\n                    <img loading=\"lazy\" decoding=\"async\" width=\"56\" height=\"60\" src=\"https:\/\/kervanbasi.com\/en\/wp-content\/uploads\/2019\/06\/icon-4.png\" class=\"attachment- size-\" alt=\"\" title=\"icon-4\" \/>                <\/div>\n          <\/div>\n                <div class=\"box-body\">\n                            <h3 class=\"elementskit-info-box-title\">\n                    G\u0131da, Ya\u015f Meyve ve Sebze                <\/h3>\n                        \t\t  <p>T\u00fcketim \u00fcr\u00fcnlerinin toptan ticareti.\n\n                                        <\/p>\n                                <\/div>\n        \n        \n                <\/div>\n                <\/a>\n        <\/div>\t\t<\/div>\n\t\t\t\t<\/div>\n\t\t\t\t<div class=\"elementor-element elementor-element-473d063 about-dance-top ekit-equal-height-disable elementor-widget elementor-widget-elementskit-icon-box\" data-id=\"473d063\" data-element_type=\"widget\" data-widget_type=\"elementskit-icon-box.default\">\n\t\t\t\t<div class=\"elementor-widget-container\">\n\t\t\t<div class=\"ekit-wid-con\" >        <!-- link opening -->\n                <a href=\"#\" target=\"_self\" rel=\"\" class=\"ekit_global_links\">\n                <!-- end link opening -->\n\n        <div class=\"elementskit-infobox text-left text-left icon-lef-right-aligin elementor-animation- media  \">\n                            <div class=\"elementskit-box-header\">\n                <div class=\"elementskit-info-box-icon text-center\">\n                    <img loading=\"lazy\" decoding=\"async\" width=\"56\" height=\"60\" src=\"https:\/\/kervanbasi.com\/en\/wp-content\/uploads\/2019\/06\/icon-5.png\" class=\"attachment- size-\" alt=\"\" title=\"icon-5\" \/>                <\/div>\n          <\/div>\n                <div class=\"box-body\">\n                            <h3 class=\"elementskit-info-box-title\">\n                    Temizlik \u00dcr\u00fcnleri                <\/h3>\n                        \t\t  <p>D\u00fcnyaca \u00fcnl\u00fc bir\u00e7ok markan\u0131n toptan ticareti.\n\n                                        <\/p>\n                                <\/div>\n        \n        \n                <\/div>\n                <\/a>\n        <\/div>\t\t<\/div>\n\t\t\t\t<\/div>\n\t\t\t\t\t<\/div>\n\t\t<\/div>\n\t\t\t\t<div class=\"elementor-column elementor-col-50 elementor-inner-column elementor-element elementor-element-69aac51\" data-id=\"69aac51\" data-element_type=\"column\" data-settings=\"{&quot;background_background&quot;:&quot;classic&quot;}\">\n\t\t\t<div class=\"elementor-widget-wrap elementor-element-populated\">\n\t\t\t\t\t\t\t\t<div class=\"elementor-element elementor-element-5f65dae elementor-widget elementor-widget-elementskit-heading\" data-id=\"5f65dae\" data-element_type=\"widget\" data-widget_type=\"elementskit-heading.default\">\n\t\t\t\t<div class=\"elementor-widget-container\">\n\t\t\t<div class=\"ekit-wid-con\" ><div class=\"ekit-heading elementskit-section-title-wraper text_left   ekit_heading_tablet-   ekit_heading_mobile-\"><h2 class=\"ekit-heading--title elementskit-section-title \">\u00dccretsiz teklif al\u0131n<\/h2>\t\t\t\t<div class='ekit-heading__description'>\n\t\t\t\t\t<p>Talebinizi bildirin, geri d\u00f6n\u00fc\u015f yapal\u0131m.<\/p>\n\t\t\t\t<\/div>\n\t\t\t<\/div><\/div>\t\t<\/div>\n\t\t\t\t<\/div>\n\t\t\t\t\t<\/div>\n\t\t<\/div>\n\t\t\t\t\t\t\t<\/div>\n\t\t<\/section>\n\t\t\t\t\t<\/div>\n\t\t<\/div>\n\t\t\t\t\t\t\t<\/div>\n\t\t<\/section>\n\t\t\t\t\t\t\t<\/div>\n\t\t","protected":false},"excerpt":{"rendered":"<p>Amac\u0131m\u0131z, Ba\u015far\u0131yla \u0130\u015f \u00c7\u00f6z\u00fcm\u00fc Sa\u011flamak. KERVANBA\u015eI GIDA TUR\u0130ZM SEYAHAT E\u011e\u0130T\u0130M VE DI\u015e T\u0130CARET L\u0130M\u0130TED \u015e\u0130RKET\u0130 2018 de Ankara&#8217;da faaliyetlerine ba\u015flam\u0131\u015ft\u0131r. D\u00fcnya standartlar\u0131nda hizmet veren bu \u015firket Yurt \u0130\u00e7i ve Yurt Di\u015fi olan \u015firketlere \u0130tihalat ve \u0130hracatla Teknoloji, G\u0131da, Sa\u011fl\u0131k, E\u011fitim veTurizim sekt\u00f6rlerinde hizmet vermektedir. \u00d6zellikle bu son aylarda ya\u015fad\u0131\u011f\u0131m\u0131z pandemi nedeniye Korana ( COV\u0130D 19 [&hellip;]<\/p>\n","protected":false},"author":1,"featured_media":0,"parent":0,"menu_order":0,"comment_status":"closed","ping_status":"closed","template":"template\/full-width-template.php","meta":{"footnotes":""},"_links":{"self":[{"href":"https:\/\/kervanbasi.com\/en\/wp-json\/wp\/v2\/pages\/1894"}],"collection":[{"href":"https:\/\/kervanbasi.com\/en\/wp-json\/wp\/v2\/pages"}],"about":[{"href":"https:\/\/kervanbasi.com\/en\/wp-json\/wp\/v2\/types\/page"}],"author":[{"embeddable":true,"href":"https:\/\/kervanbasi.com\/en\/wp-json\/wp\/v2\/users\/1"}],"replies":[{"embeddable":true,"href":"https:\/\/kervanbasi.com\/en\/wp-json\/wp\/v2\/comments?post=1894"}],"version-history":[{"count":32,"href":"https:\/\/kervanbasi.com\/en\/wp-json\/wp\/v2\/pages\/1894\/revisions"}],"predecessor-version":[{"id":6615,"href":"https:\/\/kervanbasi.com\/en\/wp-json\/wp\/v2\/pages\/1894\/revisions\/6615"}],"wp:attachment":[{"href":"https:\/\/kervanbasi.com\/en\/wp-json\/wp\/v2\/media?parent=1894"}],"curies":[{"name":"wp","href":"https:\/\/api.w.org\/{rel}","templated":true}]}}