{"id":623,"date":"2021-07-18T14:02:25","date_gmt":"2021-07-18T11:02:25","guid":{"rendered":"https:\/\/livewp.site\/wp\/md\/ewebot\/about-us\/"},"modified":"2023-09-26T18:02:44","modified_gmt":"2023-09-26T15:02:44","slug":"about-us","status":"publish","type":"page","link":"https:\/\/kervanbasi.com\/en\/about-us\/","title":{"rendered":"About Us"},"content":{"rendered":"\t\t<div data-elementor-type=\"wp-post\" data-elementor-id=\"623\" class=\"elementor elementor-623\" data-elementor-post-type=\"page\">\n\t\t\t\t\t\t\t\t\t<section class=\"elementor-section elementor-top-section elementor-element elementor-element-4d22e5b elementor-section-boxed elementor-section-height-default elementor-section-height-default\" data-id=\"4d22e5b\" data-element_type=\"section\">\n\t\t\t\t\t\t<div class=\"elementor-container elementor-column-gap-default\">\n\t\t\t\t\t<div class=\"elementor-column elementor-col-100 elementor-top-column elementor-element elementor-element-7fb25f4\" data-id=\"7fb25f4\" data-element_type=\"column\">\n\t\t\t<div class=\"elementor-widget-wrap elementor-element-populated\">\n\t\t\t\t\t\t\t\t<div class=\"elementor-element elementor-element-a19a7da elementor-widget elementor-widget-spacer\" data-id=\"a19a7da\" data-element_type=\"widget\" data-widget_type=\"spacer.default\">\n\t\t\t\t<div class=\"elementor-widget-container\">\n\t\t\t\t\t<div class=\"elementor-spacer\">\n\t\t\t<div class=\"elementor-spacer-inner\"><\/div>\n\t\t<\/div>\n\t\t\t\t<\/div>\n\t\t\t\t<\/div>\n\t\t\t\t<div class=\"elementor-element elementor-element-448c001 elementor-widget elementor-widget-spacer\" data-id=\"448c001\" data-element_type=\"widget\" data-widget_type=\"spacer.default\">\n\t\t\t\t<div class=\"elementor-widget-container\">\n\t\t\t\t\t<div class=\"elementor-spacer\">\n\t\t\t<div class=\"elementor-spacer-inner\"><\/div>\n\t\t<\/div>\n\t\t\t\t<\/div>\n\t\t\t\t<\/div>\n\t\t\t\t<div class=\"elementor-element elementor-element-5b96b22 elementor-widget elementor-widget-text-editor\" data-id=\"5b96b22\" data-element_type=\"widget\" data-widget_type=\"text-editor.default\">\n\t\t\t\t<div class=\"elementor-widget-container\">\n\t\t\t\t\t\t\t<p>KERVANBA\u015eI FOOD, TOURISM, TRAVEL, EDUCATION AND FOREIGN TRADE LIMITED.<\/p><p style=\"text-align: justify;\"><span style=\"font-family: georgia, palatino, serif;\"><b>About Us<\/b><\/span><\/p><p style=\"text-align: justify;\"><span style=\"font-family: georgia, palatino, serif;\">Kervanba\u015f\u0131 is a company that was established in 2018 by building its basic principles upon customer satisfaction, quality-oriented products and sustainability.<br \/><\/span><span style=\"font-family: georgia, palatino, serif; background-color: var( --e-global-color-theme-body-bg-color ); color: var( --e-global-color-theme-content-color ); font-size: var( --e-global-typography-theme-main-font-size ); font-weight: var( --e-global-typography-theme-main-font-weight ); letter-spacing: var( --e-global-typography-theme-main-letter-spacing ); word-spacing: var( --e-global-typography-theme-main-word-spacing );\">We set out with the aim of making our customers feel valuable and special.<br \/><\/span><span style=\"font-family: georgia, palatino, serif; background-color: var( --e-global-color-theme-body-bg-color ); color: var( --e-global-color-theme-content-color ); font-size: var( --e-global-typography-theme-main-font-size ); font-weight: var( --e-global-typography-theme-main-font-weight ); letter-spacing: var( --e-global-typography-theme-main-letter-spacing ); word-spacing: var( --e-global-typography-theme-main-word-spacing );\">With a global perspective, we aim to add values to our customers by offering the highest quality products and to be an influential brand worldwide.<br \/><\/span><span style=\"font-family: georgia, palatino, serif; background-color: var( --e-global-color-theme-body-bg-color ); color: var( --e-global-color-theme-content-color ); font-size: var( --e-global-typography-theme-main-font-size ); font-weight: var( --e-global-typography-theme-main-font-weight ); letter-spacing: var( --e-global-typography-theme-main-letter-spacing ); word-spacing: var( --e-global-typography-theme-main-word-spacing );\">With our experience and expert team in the exportation business since our establishment, we maintain our determination to provide innovative and quality solutions to our business partners.<\/span><\/p><p style=\"text-align: justify;\"><span style=\"font-family: georgia, palatino, serif;\"><b>Our Vision<\/b><\/span><\/p><p style=\"text-align: justify;\"><span style=\"font-family: georgia, palatino, serif;\">As Kervanba\u015f\u0131, our vision is to become a well-known product export brand in the international arena and to maintain our leadership in the sector.<br \/><\/span><span style=\"font-family: georgia, palatino, serif; background-color: var( --e-global-color-theme-body-bg-color ); color: var( --e-global-color-theme-content-color ); font-size: var( --e-global-typography-theme-main-font-size ); font-weight: var( --e-global-typography-theme-main-font-weight ); letter-spacing: var( --e-global-typography-theme-main-letter-spacing ); word-spacing: var( --e-global-typography-theme-main-word-spacing );\">We shape our product portfolio by not only meeting current needs, but also anticipating future demands.<br \/><\/span><span style=\"background-color: var( --e-global-color-theme-body-bg-color ); color: var( --e-global-color-theme-content-color ); font-family: georgia, palatino, serif; font-size: var( --e-global-typography-theme-main-font-size ); font-weight: var( --e-global-typography-theme-main-font-weight ); letter-spacing: var( --e-global-typography-theme-main-letter-spacing ); word-spacing: var( --e-global-typography-theme-main-word-spacing );\">We are constantly renewing ourselves to understand and meet the changing expectations of our customers.<br \/><\/span><span style=\"background-color: var( --e-global-color-theme-body-bg-color ); color: var( --e-global-color-theme-content-color ); font-family: georgia, palatino, serif; font-size: var( --e-global-typography-theme-main-font-size ); font-weight: var( --e-global-typography-theme-main-font-weight ); letter-spacing: var( --e-global-typography-theme-main-letter-spacing ); word-spacing: var( --e-global-typography-theme-main-word-spacing );\">We are committed to the principles of sustainability at the global level by prioritizing how to create positive effects on society and the environment.<\/span><\/p><p style=\"text-align: justify;\"><span style=\"font-family: georgia, palatino, serif;\"><b>Our Mission<\/b><\/span><\/p><p style=\"text-align: justify;\"><span style=\"font-family: georgia, palatino, serif;\">Our mission is to provide customer satisfaction and establish strong business relationships by competitively offering products that comply with the highest quality standards in the international market.<\/span><\/p><p style=\"text-align: justify;\"><span style=\"font-family: georgia, palatino, serif;\">In addition to delivering products that add value to our customers, we adopt an approach that encourages innovation to develop solutions that impact our customers positively and make their lives easier.<\/span><\/p><p style=\"text-align: justify;\"><span style=\"font-family: georgia, palatino, serif;\">We create a fair, supportive and collaborative working environment by contributing to the personal and professional development of our employees.<\/span><\/p><p style=\"text-align: justify;\"><span style=\"font-family: georgia, palatino, serif;\"><b>Our Values<\/b><\/span><\/p><p style=\"text-align: justify;\"><span style=\"font-family: georgia, palatino, serif;\">By maintaining our commitment to business ethics at all times, we protect our reliability and reputation.<br \/><\/span><span style=\"font-family: georgia, palatino, serif; background-color: var( --e-global-color-theme-body-bg-color ); color: var( --e-global-color-theme-content-color ); font-size: var( --e-global-typography-theme-main-font-size ); font-weight: var( --e-global-typography-theme-main-font-weight ); letter-spacing: var( --e-global-typography-theme-main-letter-spacing ); word-spacing: var( --e-global-typography-theme-main-word-spacing );\">We work devotedly to exceed our customers&#8217; expectations and earn their trust.<br \/><\/span><span style=\"font-family: georgia, palatino, serif; background-color: var( --e-global-color-theme-body-bg-color ); color: var( --e-global-color-theme-content-color ); font-size: var( --e-global-typography-theme-main-font-size ); font-weight: var( --e-global-typography-theme-main-font-weight ); letter-spacing: var( --e-global-typography-theme-main-letter-spacing ); word-spacing: var( --e-global-typography-theme-main-word-spacing );\">Thanks to the importance we attach to quality and our continuous improvement efforts, we aim to offer our customers not only a product but also a quality experience.<br \/><\/span><span style=\"font-family: georgia, palatino, serif; background-color: var( --e-global-color-theme-body-bg-color ); color: var( --e-global-color-theme-content-color ); font-size: var( --e-global-typography-theme-main-font-size ); font-weight: var( --e-global-typography-theme-main-font-weight ); letter-spacing: var( --e-global-typography-theme-main-letter-spacing ); word-spacing: var( --e-global-typography-theme-main-word-spacing );\">As Kervanba\u015f\u0131, we continue our journey with these values.<\/span><\/p><p style=\"text-align: justify;\"><span style=\"background-color: var( --e-global-color-theme-body-bg-color ); color: var( --e-global-color-theme-content-color ); font-family: georgia, palatino, serif; font-size: var( --e-global-typography-theme-main-font-size ); font-weight: var( --e-global-typography-theme-main-font-weight ); letter-spacing: var( --e-global-typography-theme-main-letter-spacing ); word-spacing: var( --e-global-typography-theme-main-word-spacing );\">We are working with determination to maintain our leading position in the sector and increase its global impact by maintaining our customer-oriented approach.<\/span><span style=\"font-family: georgia, palatino, serif; background-color: var( --e-global-color-theme-body-bg-color ); color: var( --e-global-color-theme-content-color ); font-size: var( --e-global-typography-theme-main-font-size ); font-weight: var( --e-global-typography-theme-main-font-weight ); letter-spacing: var( --e-global-typography-theme-main-letter-spacing ); word-spacing: var( --e-global-typography-theme-main-word-spacing );\"><br \/><\/span><\/p>\t\t\t\t\t\t<\/div>\n\t\t\t\t<\/div>\n\t\t\t\t<div class=\"elementor-element elementor-element-87eefe6 elementor-widget elementor-widget-spacer\" data-id=\"87eefe6\" data-element_type=\"widget\" data-widget_type=\"spacer.default\">\n\t\t\t\t<div class=\"elementor-widget-container\">\n\t\t\t\t\t<div class=\"elementor-spacer\">\n\t\t\t<div class=\"elementor-spacer-inner\"><\/div>\n\t\t<\/div>\n\t\t\t\t<\/div>\n\t\t\t\t<\/div>\n\t\t\t\t<div class=\"gt3-core-button--alignment_center elementor-element elementor-element-e61b03d elementor-widget elementor-widget-gt3-core-button\" data-id=\"e61b03d\" data-element_type=\"widget\" data-widget_type=\"gt3-core-button.default\">\n\t\t\t\t<div class=\"elementor-widget-container\">\n\t\t\t\t<div class=\"gt3_module_button_elementor size_custom alignment_center button_icon_none hover_type5 rounded\">\r\n\t\t<a class=\"button_size_elementor_custom alignment_center border_icon_none hover_type5 btn_icon_position_left\" href=\"https:\/\/kervanbasi.com\/iletisim\/\">\r\n\t\t\t\t<span class=\"gt3_module_button__container\">\r\n\t\t\t\t\t\t\t\t\t\t\t<span class=\"elementor_gt3_btn_text\">Contact Us<\/span>\t\t\t\t\t\t<span class=\"gt3_module_button__cover front\"><\/span>\r\n\t\t\t\t\t\t<span class=\"gt3_module_button__cover back\"><\/span>\r\n\t\t\t\t\t\t\t\t\t<\/span>\r\n\t\t<\/a>\r\n\t<\/div>\r\n\r\n<script type=\"application\/json\" id=\"settings--e61b03d\">[]<\/script>\t\t<\/div>\n\t\t\t\t<\/div>\n\t\t\t\t<div class=\"elementor-element elementor-element-0b6d5b7 elementor-widget elementor-widget-spacer\" data-id=\"0b6d5b7\" data-element_type=\"widget\" data-widget_type=\"spacer.default\">\n\t\t\t\t<div class=\"elementor-widget-container\">\n\t\t\t\t\t<div class=\"elementor-spacer\">\n\t\t\t<div class=\"elementor-spacer-inner\"><\/div>\n\t\t<\/div>\n\t\t\t\t<\/div>\n\t\t\t\t<\/div>\n\t\t\t\t\t<\/div>\n\t\t<\/div>\n\t\t\t\t\t\t\t<\/div>\n\t\t<\/section>\n\t\t\t\t<section class=\"elementor-section elementor-top-section elementor-element elementor-element-5690def cloud_animated_top elementor-section-boxed elementor-section-height-default elementor-section-height-default\" data-id=\"5690def\" data-element_type=\"section\" data-settings=\"{&quot;background_background&quot;:&quot;classic&quot;}\">\n\t\t\t\t\t\t<div class=\"elementor-container elementor-column-gap-default\">\n\t\t\t\t\t<div class=\"elementor-column elementor-col-100 elementor-top-column elementor-element elementor-element-88857aa\" data-id=\"88857aa\" data-element_type=\"column\">\n\t\t\t<div class=\"elementor-widget-wrap elementor-element-populated\">\n\t\t\t\t\t\t\t\t<div class=\"elementor-element elementor-element-3ca8b45 elementor-widget elementor-widget-spacer\" data-id=\"3ca8b45\" data-element_type=\"widget\" data-widget_type=\"spacer.default\">\n\t\t\t\t<div class=\"elementor-widget-container\">\n\t\t\t\t\t<div class=\"elementor-spacer\">\n\t\t\t<div class=\"elementor-spacer-inner\"><\/div>\n\t\t<\/div>\n\t\t\t\t<\/div>\n\t\t\t\t<\/div>\n\t\t\t\t<div class=\"elementor-element-custom_font_size elementor-element-custom_font_weight elementor-element elementor-element-438843c elementor-widget elementor-widget-text-editor\" data-id=\"438843c\" data-element_type=\"widget\" data-widget_type=\"text-editor.default\">\n\t\t\t\t<div class=\"elementor-widget-container\">\n\t\t\t\t\t\t\t<h5>Yorumlar<\/h5>\t\t\t\t\t\t<\/div>\n\t\t\t\t<\/div>\n\t\t\t\t<div class=\"elementor-element elementor-element-52582d5 elementor-widget elementor-widget-heading\" data-id=\"52582d5\" data-element_type=\"widget\" data-widget_type=\"heading.default\">\n\t\t\t\t<div class=\"elementor-widget-container\">\n\t\t\t<h2 class=\"elementor-heading-title elementor-size-default\">M\u00fc\u015fterilerimizden gelen yorumlar<\/h2>\t\t<\/div>\n\t\t\t\t<\/div>\n\t\t\t\t<div class=\"elementor-element elementor-element-dfbc471 elementor-widget elementor-widget-spacer\" data-id=\"dfbc471\" data-element_type=\"widget\" data-widget_type=\"spacer.default\">\n\t\t\t\t<div class=\"elementor-widget-container\">\n\t\t\t\t\t<div class=\"elementor-spacer\">\n\t\t\t<div class=\"elementor-spacer-inner\"><\/div>\n\t\t<\/div>\n\t\t\t\t<\/div>\n\t\t\t\t<\/div>\n\t\t\t\t<div class=\"elementor-element elementor-element-98f77fe gt3-testimonials-aligment-center gt3-testimonials-perline1 elementor-widget elementor-widget-gt3-core-TestimonialsLite\" data-id=\"98f77fe\" data-element_type=\"widget\" data-widget_type=\"gt3-core-TestimonialsLite.default\">\n\t\t\t\t<div class=\"elementor-widget-container\">\n\t\t\t\t<div class=\"gt3_testimonial active-carousel items_per_line-1 text_align-center author_position-around image_position-top testimonials_avatar_slider nav-arrows\" data-quote-src=\"https:\/\/kervanbasi.com\/en\/wp-content\/themes\/ewebot\/img\/quote.png\" data-settings=\"{&quot;fade&quot;:false,&quot;autoplay&quot;:true,&quot;items_per_line&quot;:1,&quot;autoplaySpeed&quot;:4000,&quot;dots&quot;:false,&quot;arrows&quot;:true,&quot;l10n&quot;:{&quot;prev&quot;:&quot;Prev&quot;,&quot;next&quot;:&quot;Next&quot;}}\">\r\n\t\t<div class=\"module_content testimonials_list\">\r\n\t\t\t<div class=\"testimonials_author_rotator\">                    <div class=\"testimonials_avatar_item\">\r\n\t\t\t\t\t\t<div class=\"testimonials_avatar_content\">\r\n\t\t\t\t\t\t\t<div class=\"testimonials_author_wrapper\"><div class=\"testimonials_photo\"><img decoding=\"async\" class=\"rounded\" src=\"https:\/\/kervanbasi.com\/en\/wp-content\/plugins\/elementor\/assets\/images\/placeholder.png\" style=\"width:129px;height:129px;\" alt=\"\" \/><\/div><\/div>\t\t\t\t\t\t<\/div>\r\n\t\t\t\t\t<\/div>\r\n\t\t\t\t                    <div class=\"testimonials_avatar_item\">\r\n\t\t\t\t\t\t<div class=\"testimonials_avatar_content\">\r\n\t\t\t\t\t\t\t<div class=\"testimonials_author_wrapper\"><div class=\"testimonials_photo\"><img decoding=\"async\" class=\"rounded\" src=\"https:\/\/kervanbasi.com\/en\/wp-content\/plugins\/elementor\/assets\/images\/placeholder.png\" style=\"width:129px;height:129px;\" alt=\"\" \/><\/div><\/div>\t\t\t\t\t\t<\/div>\r\n\t\t\t\t\t<\/div>\r\n\t\t\t\t                    <div class=\"testimonials_avatar_item\">\r\n\t\t\t\t\t\t<div class=\"testimonials_avatar_content\">\r\n\t\t\t\t\t\t\t<div class=\"testimonials_author_wrapper\"><div class=\"testimonials_photo\"><img decoding=\"async\" class=\"rounded\" src=\"https:\/\/kervanbasi.com\/en\/wp-content\/plugins\/elementor\/assets\/images\/placeholder.png\" style=\"width:129px;height:129px;\" alt=\"\" \/><\/div><\/div>\t\t\t\t\t\t<\/div>\r\n\t\t\t\t\t<\/div>\r\n\t\t\t\t                    <div class=\"testimonials_avatar_item\">\r\n\t\t\t\t\t\t<div class=\"testimonials_avatar_content\">\r\n\t\t\t\t\t\t\t<div class=\"testimonials_author_wrapper\"><div class=\"testimonials_photo\"><img decoding=\"async\" class=\"rounded\" src=\"https:\/\/kervanbasi.com\/en\/wp-content\/plugins\/elementor\/assets\/images\/placeholder.png\" style=\"width:129px;height:129px;\" alt=\"\" \/><\/div><\/div>\t\t\t\t\t\t<\/div>\r\n\t\t\t\t\t<\/div>\r\n\t\t\t\t                    <div class=\"testimonials_avatar_item\">\r\n\t\t\t\t\t\t<div class=\"testimonials_avatar_content\">\r\n\t\t\t\t\t\t\t<div class=\"testimonials_author_wrapper\"><div class=\"testimonials_photo\"><img decoding=\"async\" class=\"rounded\" src=\"https:\/\/kervanbasi.com\/en\/wp-content\/plugins\/elementor\/assets\/images\/placeholder.png\" style=\"width:129px;height:129px;\" alt=\"\" \/><\/div><\/div>\t\t\t\t\t\t<\/div>\r\n\t\t\t\t\t<\/div>\r\n\t\t\t\t                    <div class=\"testimonials_avatar_item\">\r\n\t\t\t\t\t\t<div class=\"testimonials_avatar_content\">\r\n\t\t\t\t\t\t\t<div class=\"testimonials_author_wrapper\"><div class=\"testimonials_photo\"><img decoding=\"async\" class=\"rounded\" src=\"https:\/\/kervanbasi.com\/en\/wp-content\/plugins\/elementor\/assets\/images\/placeholder.png\" style=\"width:129px;height:129px;\" alt=\"\" \/><\/div><\/div>\t\t\t\t\t\t<\/div>\r\n\t\t\t\t\t<\/div>\r\n\t\t\t\t<\/div>\t\t\t<div class=\"testimonials_rotator\">\r\n\t\t\t\t                    <div class=\"testimonials_item\" style=\"\">\r\n\t\t\t\t\t\t<div class=\"testimonial_item_wrapper\" style=\"position: relative\">\r\n\t\t\t\t\t\t\t<div class=\"testimonials_content\">\r\n\t\t\t\t\t\t\t\t<div class=\"testimonials-text\"><div class=\"testimonials-text-wrapper\"><p>Cum et essent similique. Inani propriae menandri sed in. Pericula expetendis has no, quo populo forensibus contentiones et, nibh error in per. Vis in tritani debitis delicatissimi, error omnesque invenire usu ex, qui illud nonumes ad.<\/p><\/div><\/div><div class=\"testimonials_author_wrapper\"><div class=\"testimonials_title\">Denis Robinson <\/div><div class=\"testimonials-sub_name\">Customer<\/div><\/div>\t\t\t\t\t\t\t<\/div>\r\n\t\t\t\t\t\t<\/div>\r\n\t\t\t\t\t<\/div>\r\n\t\t\t\t                    <div class=\"testimonials_item\" style=\"display: none;\">\r\n\t\t\t\t\t\t<div class=\"testimonial_item_wrapper\" style=\"position: relative\">\r\n\t\t\t\t\t\t\t<div class=\"testimonials_content\">\r\n\t\t\t\t\t\t\t\t<div class=\"testimonials-text\"><div class=\"testimonials-text-wrapper\">Cum et essent similique. Inani propriae menandri sed in. Pericula expetendis has no, quo populo forensibus contentiones et, nibh error in per. Vis in tritani debitis delicatissimi, error omnesque invenire usu ex, qui illud nonumes ad.<\/div><\/div><div class=\"testimonials_author_wrapper\"><div class=\"testimonials_title\">Silviia Garden<\/div><div class=\"testimonials-sub_name\">Customer<\/div><\/div>\t\t\t\t\t\t\t<\/div>\r\n\t\t\t\t\t\t<\/div>\r\n\t\t\t\t\t<\/div>\r\n\t\t\t\t                    <div class=\"testimonials_item\" style=\"display: none;\">\r\n\t\t\t\t\t\t<div class=\"testimonial_item_wrapper\" style=\"position: relative\">\r\n\t\t\t\t\t\t\t<div class=\"testimonials_content\">\r\n\t\t\t\t\t\t\t\t<div class=\"testimonials-text\"><div class=\"testimonials-text-wrapper\">Cum et essent similique. Inani propriae menandri sed in. Pericula expetendis has no, quo populo forensibus contentiones et, nibh error in per. Vis in tritani debitis delicatissimi, error omnesque invenire usu ex, qui illud nonumes ad.<\/div><\/div><div class=\"testimonials_author_wrapper\"><div class=\"testimonials_title\">Tommy Dents<\/div><div class=\"testimonials-sub_name\">Customer<\/div><\/div>\t\t\t\t\t\t\t<\/div>\r\n\t\t\t\t\t\t<\/div>\r\n\t\t\t\t\t<\/div>\r\n\t\t\t\t                    <div class=\"testimonials_item\" style=\"display: none;\">\r\n\t\t\t\t\t\t<div class=\"testimonial_item_wrapper\" style=\"position: relative\">\r\n\t\t\t\t\t\t\t<div class=\"testimonials_content\">\r\n\t\t\t\t\t\t\t\t<div class=\"testimonials-text\"><div class=\"testimonials-text-wrapper\"><p>Cum et essent similique. Inani propriae menandri sed in. Pericula expetendis has no, quo populo forensibus contentiones et, nibh error in per. Vis in tritani debitis delicatissimi, error omnesque invenire usu ex, qui illud nonumes ad.<\/p><\/div><\/div><div class=\"testimonials_author_wrapper\"><div class=\"testimonials_title\">Denis Robinson <\/div><div class=\"testimonials-sub_name\">Customer<\/div><\/div>\t\t\t\t\t\t\t<\/div>\r\n\t\t\t\t\t\t<\/div>\r\n\t\t\t\t\t<\/div>\r\n\t\t\t\t                    <div class=\"testimonials_item\" style=\"display: none;\">\r\n\t\t\t\t\t\t<div class=\"testimonial_item_wrapper\" style=\"position: relative\">\r\n\t\t\t\t\t\t\t<div class=\"testimonials_content\">\r\n\t\t\t\t\t\t\t\t<div class=\"testimonials-text\"><div class=\"testimonials-text-wrapper\">Cum et essent similique. Inani propriae menandri sed in. Pericula expetendis has no, quo populo forensibus contentiones et, nibh error in per. Vis in tritani debitis delicatissimi, error omnesque invenire usu ex, qui illud nonumes ad.<\/div><\/div><div class=\"testimonials_author_wrapper\"><div class=\"testimonials_title\">Silviia Garden<\/div><div class=\"testimonials-sub_name\">Customer<\/div><\/div>\t\t\t\t\t\t\t<\/div>\r\n\t\t\t\t\t\t<\/div>\r\n\t\t\t\t\t<\/div>\r\n\t\t\t\t                    <div class=\"testimonials_item\" style=\"display: none;\">\r\n\t\t\t\t\t\t<div class=\"testimonial_item_wrapper\" style=\"position: relative\">\r\n\t\t\t\t\t\t\t<div class=\"testimonials_content\">\r\n\t\t\t\t\t\t\t\t<div class=\"testimonials-text\"><div class=\"testimonials-text-wrapper\">Cum et essent similique. Inani propriae menandri sed in. Pericula expetendis has no, quo populo forensibus contentiones et, nibh error in per. Vis in tritani debitis delicatissimi, error omnesque invenire usu ex, qui illud nonumes ad.<\/div><\/div><div class=\"testimonials_author_wrapper\"><div class=\"testimonials_title\">Tommy Dents<\/div><div class=\"testimonials-sub_name\">Customer<\/div><\/div>\t\t\t\t\t\t\t<\/div>\r\n\t\t\t\t\t\t<\/div>\r\n\t\t\t\t\t<\/div>\r\n\t\t\t\t\t\t\t<\/div>\t\t\t<div class=\"clear\"><\/div>\r\n\t\t<\/div>\r\n\t<\/div>\r\n\r\n<script type=\"application\/json\" id=\"settings--98f77fe\">{\"fade\":false,\"autoplay\":true,\"items_per_line\":1,\"autoplaySpeed\":4000,\"dots\":false,\"arrows\":true,\"l10n\":{\"prev\":\"Prev\",\"next\":\"Next\"}}<\/script>\t\t<\/div>\n\t\t\t\t<\/div>\n\t\t\t\t<div class=\"elementor-element elementor-element-358c41b elementor-widget elementor-widget-spacer\" data-id=\"358c41b\" data-element_type=\"widget\" data-widget_type=\"spacer.default\">\n\t\t\t\t<div class=\"elementor-widget-container\">\n\t\t\t\t\t<div class=\"elementor-spacer\">\n\t\t\t<div class=\"elementor-spacer-inner\"><\/div>\n\t\t<\/div>\n\t\t\t\t<\/div>\n\t\t\t\t<\/div>\n\t\t\t\t\t<\/div>\n\t\t<\/div>\n\t\t\t\t\t\t\t<\/div>\n\t\t<\/section>\n\t\t\t\t\t\t\t<\/div>\n\t\t","protected":false},"excerpt":{"rendered":"<p>KERVANBA\u015eI FOOD, TOURISM, TRAVEL, EDUCATION AND FOREIGN TRADE LIMITED. About Us Kervanba\u015f\u0131 is a company that was established in 2018 by building its basic principles upon customer satisfaction, quality-oriented products and sustainability.We set out with the aim of making our customers feel valuable and special.With a global perspective, we aim to add values to our [&hellip;]<\/p>\n","protected":false},"author":1,"featured_media":0,"parent":0,"menu_order":0,"comment_status":"closed","ping_status":"closed","template":"","meta":{"footnotes":""},"_links":{"self":[{"href":"https:\/\/kervanbasi.com\/en\/wp-json\/wp\/v2\/pages\/623"}],"collection":[{"href":"https:\/\/kervanbasi.com\/en\/wp-json\/wp\/v2\/pages"}],"about":[{"href":"https:\/\/kervanbasi.com\/en\/wp-json\/wp\/v2\/types\/page"}],"author":[{"embeddable":true,"href":"https:\/\/kervanbasi.com\/en\/wp-json\/wp\/v2\/users\/1"}],"replies":[{"embeddable":true,"href":"https:\/\/kervanbasi.com\/en\/wp-json\/wp\/v2\/comments?post=623"}],"version-history":[{"count":44,"href":"https:\/\/kervanbasi.com\/en\/wp-json\/wp\/v2\/pages\/623\/revisions"}],"predecessor-version":[{"id":14645,"href":"https:\/\/kervanbasi.com\/en\/wp-json\/wp\/v2\/pages\/623\/revisions\/14645"}],"wp:attachment":[{"href":"https:\/\/kervanbasi.com\/en\/wp-json\/wp\/v2\/media?parent=623"}],"curies":[{"name":"wp","href":"https:\/\/api.w.org\/{rel}","templated":true}]}}